{"id":97,"date":"2021-07-29T09:49:44","date_gmt":"2021-07-29T07:49:44","guid":{"rendered":"http:\/\/whwydawn.home.amu.edu.pl\/?page_id=97"},"modified":"2021-11-02T10:16:15","modified_gmt":"2021-11-02T09:16:15","slug":"pelnomocnik-dziekana-ds-wydawniczych-sekretarz","status":"publish","type":"page","link":"https:\/\/whwydawnictwo.amu.edu.pl\/?page_id=97","title":{"rendered":"Pe\u0142nomocnicy Dziekana ds. Wydawnictwa"},"content":{"rendered":"\n<p><\/p>\n\n\n\n<p><strong>Pe\u0142nomocnik Dziekana WH ds. Wydawnictwa<\/strong><\/p>\n\n\n\n<p>Prof. UAM dr hab. Danuta Konieczka-\u015aliwi\u0144ska<br>e-mail: <a href=\"mailto:konsliw@amu.edu.pl\">konsliw@amu.edu.pl<\/a><br>pok\u00f3j 3.52<br>tel. 61 829-14-71<\/p>\n\n\n\n<p><strong>Pe\u0142nomocnik Dziekana WH ds. promocji Wydawnictwa<\/strong><\/p>\n\n\n\n<p>Dr Andrea Mariani<br>e-mail: <a href=\"mailto:mariani@amu.edu.pl\">mariani@amu.edu.pl<\/a><br>pok\u00f3j 3.83<br>tel. 61 829-14-93<\/p>\n","protected":false},"excerpt":{"rendered":"<p>Pe\u0142nomocnik Dziekana WH ds. Wydawnictwa Prof. UAM dr hab. Danuta Konieczka-\u015aliwi\u0144skae-mail: konsliw@amu.edu.plpok\u00f3j 3.52tel. 61 829-14-71 Pe\u0142nomocnik Dziekana WH ds. promocji Wydawnictwa Dr Andrea Marianie-mail: mariani@amu.edu.plpok\u00f3j&hellip;<\/p>\n","protected":false},"author":1,"featured_media":0,"parent":0,"menu_order":0,"comment_status":"closed","ping_status":"closed","template":"","meta":{"footnotes":""},"class_list":["post-97","page","type-page","status-publish","hentry"],"_links":{"self":[{"href":"https:\/\/whwydawnictwo.amu.edu.pl\/index.php?rest_route=\/wp\/v2\/pages\/97","targetHints":{"allow":["GET"]}}],"collection":[{"href":"https:\/\/whwydawnictwo.amu.edu.pl\/index.php?rest_route=\/wp\/v2\/pages"}],"about":[{"href":"https:\/\/whwydawnictwo.amu.edu.pl\/index.php?rest_route=\/wp\/v2\/types\/page"}],"author":[{"embeddable":true,"href":"https:\/\/whwydawnictwo.amu.edu.pl\/index.php?rest_route=\/wp\/v2\/users\/1"}],"replies":[{"embeddable":true,"href":"https:\/\/whwydawnictwo.amu.edu.pl\/index.php?rest_route=%2Fwp%2Fv2%2Fcomments&post=97"}],"version-history":[{"count":5,"href":"https:\/\/whwydawnictwo.amu.edu.pl\/index.php?rest_route=\/wp\/v2\/pages\/97\/revisions"}],"predecessor-version":[{"id":1544,"href":"https:\/\/whwydawnictwo.amu.edu.pl\/index.php?rest_route=\/wp\/v2\/pages\/97\/revisions\/1544"}],"wp:attachment":[{"href":"https:\/\/whwydawnictwo.amu.edu.pl\/index.php?rest_route=%2Fwp%2Fv2%2Fmedia&parent=97"}],"curies":[{"name":"wp","href":"https:\/\/api.w.org\/{rel}","templated":true}]}}