{"id":12,"date":"2021-07-26T11:41:53","date_gmt":"2021-07-26T09:41:53","guid":{"rendered":"http:\/\/whwydawn.home.amu.edu.pl\/?page_id=12"},"modified":"2021-08-09T18:50:37","modified_gmt":"2021-08-09T16:50:37","slug":"regulamin-rady-wydawniczej","status":"publish","type":"page","link":"https:\/\/whwydawnictwo.amu.edu.pl\/?page_id=12","title":{"rendered":"Regulamin Rady Wydawniczej"},"content":{"rendered":"<p align=\"center\"><b>Regulamin Rady Wydawniczej<\/b><\/p>\n<p align=\"center\"><b>Wydawnictwa Wydzia\u0142u Historii UAM<\/b><\/p>\n<p align=\"center\"><b>\u00a7 1<\/b><\/p>\n<p align=\"center\"><b>Okre\u015blenie w\u0142a\u015bciwo\u015bci Rady<\/b><\/p>\n<ol>\n<li>\n<p align=\"justify\">Rada Wydawnicza (zwana dalej \u201eRad\u0105\u201d) jest organem doradczym Dziekana Wydzia\u0142u Historii UAM (zwanym dalej \u201eDziekanem\u201d), powo\u0142anym na podstawie \u00a7 62, pkt. 3 \u201eStatutu Uniwersytetu im. Adama Mickiewicza w Poznaniu\u201d.<\/p>\n<\/li>\n<li>\n<p align=\"justify\">Rada pe\u0142ni funkcje doradcze w sprawach dotycz\u0105cych Wydawnictwa Wydzia\u0142u Historii UAM (zwanym dalej \u201eWydawnictwem\u201d), a w szczeg\u00f3lno\u015bci:<\/p>\n<\/li>\n<\/ol>\n<ul>\n<li>\n<p align=\"justify\">kszta\u0142towania polityki wydawniczej Wydzia\u0142u Historii UAM,<\/p>\n<\/li>\n<li>\n<p align=\"justify\">zapewnienia wysokiego poziomu naukowego publikacji wydawanych przez Wydawnictwo,<\/p>\n<\/li>\n<li>\n<p align=\"justify\">podejmowania inicjatyw wydawniczych,<\/p>\n<\/li>\n<li>\n<p align=\"justify\">promocji oferty wydawniczej.<\/p>\n<\/li>\n<\/ul>\n<p align=\"center\"><b>\u00a7 2<\/b><\/p>\n<p align=\"center\"><b>Sk\u0142ad Rady<\/b><\/p>\n<ol>\n<li>Rada sk\u0142ada si\u0119 z:\n<ol type=\"a\">\n<li>\n<p align=\"justify\">Przewodnicz\u0105cego powo\u0142anego przez Dziekana z grona profesor\u00f3w, profesor\u00f3w uczelni i doktor\u00f3w habilitowanych zatrudnionych na Wydziale Historii UAM<\/p>\n<\/li>\n<li>\n<p align=\"justify\">pi\u0119ciorga cz\u0142onk\u00f3w powo\u0142anych przez Dziekana z grona profesor\u00f3w, profesor\u00f3w uczelni i doktor\u00f3w habilitowanych zatrudnionych na Wydziale Historii UAM<\/p>\n<\/li>\n<li>\n<p align=\"justify\">sekretarza powo\u0142anego przez Dziekana z grona nauczycieli akademickich zatrudnionych na Wydziale Historii UAM (bez prawa udzia\u0142u w g\u0142osowaniach).<\/p>\n<\/li>\n<\/ol>\n<\/li>\n<li>\n<p align=\"justify\">Cz\u0142onk\u00f3w oraz sekretarza powo\u0142uje Dziekan w porozumieniu z kandydatem na Przewodnicz\u0105cego Rady.<\/p>\n<\/li>\n<li>Kadencja Rady trwa 4 lata.<\/li>\n<li>\n<p align=\"justify\">Zatwierdzenia Przewodnicz\u0105cego, cz\u0142onk\u00f3w oraz sekretarza Rady dokonuje Rada Dzieka\u0144ska Wydzia\u0142u Historii UAM.<\/p>\n<\/li>\n<li>\n<p align=\"justify\">W przypadku zaistnienia wakatu na jednym ze stanowisk w Radzie w trakcie trwania jej kadencji, Dziekan powo\u0142uje nast\u0119pc\u0119 zgodnie z powy\u017csz\u0105 procedur\u0105.<\/p>\n<\/li>\n<\/ol>\n<p align=\"center\"><b>\u00a7 3<\/b><\/p>\n<p align=\"center\"><b>Kompetencje Przewodnicz\u0105cego Rady<\/b><\/p>\n<ol>\n<li>\n<p align=\"justify\">Organizacja i koordynowanie prac Rady.<\/p>\n<\/li>\n<li>\n<p align=\"justify\">Dbanie o wysoki poziom naukowy publikacji wydawanych przez Wydawnictwo.<\/p>\n<\/li>\n<li>\n<p align=\"justify\">Nadz\u00f3r nad pracami sekretarza Rady oraz dokumentacj\u0105 dzia\u0142alno\u015bci Rady.<\/p>\n<\/li>\n<\/ol>\n<p align=\"center\">\u00a7 4<\/p>\n<p align=\"center\"><b>Kompetencje Rady<\/b><\/p>\n<ol>\n<li>\n<p align=\"justify\">Kszta\u0142towanie polityki wydawniczej Wydzia\u0142u Historii UAM oraz zg\u0142aszanie propozycji jej modyfikacji.<\/p>\n<\/li>\n<li>\n<p align=\"justify\">Opiniowanie materia\u0142\u00f3w zg\u0142oszonych do publikacji i rekomendowanie ich do wst\u0119pnego przyj\u0119cia do wydania, z uwzgl\u0119dnieniem prezentowanych przez nie warto\u015bci merytorycznych oraz zbie\u017cno\u015bci z profilem Wydawnictwa i polityk\u0105 wydawnicz\u0105 Wydzia\u0142u Historii UAM.<\/p>\n<\/li>\n<li>\n<p align=\"justify\">Wyznaczenie recenzent\u00f3w materia\u0142\u00f3w wst\u0119pnie przyj\u0119tych do wydania.<\/p>\n<\/li>\n<li>\n<p align=\"justify\">Analiza recenzji i na ich podstawie przygotowanie rekomendacji ws. skierowania publikacji do wydania lub odmowy przyj\u0119cia publikacji do wydania.<\/p>\n<\/li>\n<li>\n<p align=\"justify\">Sporz\u0105dzanie opinii w nast\u0119puj\u0105cych sprawach:<\/p>\n<ol type=\"a\">\n<li>\n<p align=\"justify\">planu wydawniczego przedstawianego corocznie przez Pe\u0142nomocnika Dziekana ds. Wydawniczych (zwanego dalej \u201ePe\u0142nomocnikiem Dziekana\u201d);<\/p>\n<\/li>\n<li>\n<p align=\"justify\">sprawozdania rocznego Pe\u0142nomocnika Dziekana z wykonania planu wydawniczego;<\/p>\n<\/li>\n<li>\n<p align=\"justify\">publikacji pracownik\u00f3w i student\u00f3w Wydzia\u0142u Historii UAM wydawanych w innych wydawnictwach, ale dofinansowywanych przez Dziekana.<\/p>\n<\/li>\n<\/ol>\n<\/li>\n<li>\n<p align=\"justify\"><a name=\"_GoBack\"><\/a> Wykonywanie innych zada\u0144 zwi\u0105zanych z polityk\u0105 wydawnicz\u0105 Wydzia\u0142u Historii UAM, w tym m.in. proponowanie publikacji wydanych w Wydawnictwie do konkurs\u00f3w og\u0142aszanych przez podmioty zewn\u0119trzne (stowarzyszenia, instytucje kultury, organy samorz\u0105dowe itp.), dokonywanie okresowych przegl\u0105d\u00f3w serii wydawniczych, proponowanie inicjatyw wydawniczych, opiniowanie dzia\u0142a\u0144 promocyjnych Wydawnictwa.<\/p>\n<\/li>\n<\/ol>\n<p align=\"center\"><b>\u00a7 5<\/b><\/p>\n<p align=\"center\"><b>Procedury funkcjonowania Rady<\/b><\/p>\n<ol>\n<li>\n<p align=\"justify\">Posiedzenie Rady zwo\u0142uje i kieruje jego obradami Przewodnicz\u0105cy Rady lub osoba przez niego wyznaczona.<\/p>\n<\/li>\n<li>\n<p align=\"justify\">Protok\u00f3\u0142 z ka\u017cdego posiedzenia Rady prowadzi sekretarz lub w razie jego nieobecno\u015bci cz\u0142onek Rady wskazany przez Przewodnicz\u0105cego.<\/p>\n<\/li>\n<li>\n<p align=\"justify\">W posiedzeniu Rady, z g\u0142osem doradczym, uczestniczy Pe\u0142nomocnik Dziekana ds. Wydawnictwa lub osoba przez niego wskazana oraz Pe\u0142nomocnik Dziekana ds. promocji Wydawnictwa.<\/p>\n<\/li>\n<li>\n<p align=\"justify\">W posiedzeniu Rady mog\u0105 bra\u0107 udzia\u0142, za zgod\u0105 Przewodnicz\u0105cego Rady, osoby zaproszone przez Przewodnicz\u0105cego, cz\u0142onk\u00f3w Rady oraz Pe\u0142nomocnika Dziekana.<\/p>\n<\/li>\n<li>\n<p align=\"justify\">Posiedzenia Rady zwo\u0142uje, w zale\u017cno\u015bci od potrzeb, Przewodnicz\u0105cy Rady z w\u0142asnej inicjatywy, na wniosek Dziekana, Pe\u0142nomocnika Dziekana lub jednego z cz\u0142onk\u00f3w Rady.<\/p>\n<\/li>\n<li>\n<p align=\"justify\">Posiedzenia Rady mog\u0105 odbywa\u0107 si\u0119 w siedzibie Redakcji, w formie zdalnej lub w trybie mieszanym (decyzj\u0119 w tej sprawie podejmuje Przewodnicz\u0105cy Rady).<\/p>\n<\/li>\n<li>\n<p align=\"justify\">Uchwa\u0142y Rady podejmowane s\u0105 w drodze g\u0142osowania, zwyk\u0142\u0105 wi\u0119kszo\u015bci\u0105 g\u0142os\u00f3w wszystkich obecnych, uprawnionych do g\u0142osowania cz\u0142onk\u00f3w Rady.<\/p>\n<\/li>\n<li>\n<p align=\"justify\">G\u0142osowania Rady s\u0105 jawne. W wyj\u0105tkowych wypadkach g\u0142osowanie mo\u017cna jednak utajni\u0107 na wniosek co najmniej 3 uprawnionych do g\u0142osowania uczestnik\u00f3w Rady.<\/p>\n<\/li>\n<li>\n<p align=\"justify\">Na koniec kadencji Rady jej Przewodnicz\u0105cy sk\u0142ada sprawozdanie z dzia\u0142alno\u015bci na r\u0119ce Dziekana. Sprawozdanie przedstawiane jest Radzie Dyscypliny Historia UAM.<\/p>\n<\/li>\n<li>\n<p align=\"justify\">W swoich pracach Rada kieruje si\u0119 kryteriami naukowymi w\u0142a\u015bciwymi dla dyscypliny historia, za\u0142o\u017ceniami polityki wydawniczej Wydawnictwa oraz zasadami etyki publikacyjnej maj\u0105cymi na celu przeciwdzia\u0142anie nieuczciwym praktykom publikacyjnym, w szczeg\u00f3lno\u015bci zgodnymi z wytycznymi Komitetu do spraw Etyki Publikacyjnej (COPE \u2013 Committee on Publication Ethics).<\/p>\n<\/li>\n<\/ol>\n<p align=\"center\"><b>\u00a7 6<\/b><\/p>\n<p align=\"center\"><b>Przyj\u0119cie i zmiany Regulaminu Rady<\/b><\/p>\n<ol>\n<li>\n<p align=\"justify\">Regulamin Rady Wydawniczej oraz wszelkie jego zmiany zatwierdza Rada Dyscypliny Historia UAM.<\/p>\n<\/li>\n<li>\n<p align=\"justify\">Regulamin wchodzi w \u017cycie z dniem jego zatwierdzenia przez Rad\u0119 Dyscypliny Historia UAM.<\/p>\n<\/li>\n<\/ol>\n","protected":false},"excerpt":{"rendered":"<p>Regulamin Rady Wydawniczej Wydawnictwa Wydzia\u0142u Historii UAM \u00a7 1 Okre\u015blenie w\u0142a\u015bciwo\u015bci Rady Rada Wydawnicza (zwana dalej \u201eRad\u0105\u201d) jest organem doradczym Dziekana Wydzia\u0142u Historii UAM (zwanym&hellip;<\/p>\n","protected":false},"author":1,"featured_media":0,"parent":0,"menu_order":0,"comment_status":"closed","ping_status":"closed","template":"","meta":{"footnotes":""},"class_list":["post-12","page","type-page","status-publish","hentry"],"_links":{"self":[{"href":"https:\/\/whwydawnictwo.amu.edu.pl\/index.php?rest_route=\/wp\/v2\/pages\/12","targetHints":{"allow":["GET"]}}],"collection":[{"href":"https:\/\/whwydawnictwo.amu.edu.pl\/index.php?rest_route=\/wp\/v2\/pages"}],"about":[{"href":"https:\/\/whwydawnictwo.amu.edu.pl\/index.php?rest_route=\/wp\/v2\/types\/page"}],"author":[{"embeddable":true,"href":"https:\/\/whwydawnictwo.amu.edu.pl\/index.php?rest_route=\/wp\/v2\/users\/1"}],"replies":[{"embeddable":true,"href":"https:\/\/whwydawnictwo.amu.edu.pl\/index.php?rest_route=%2Fwp%2Fv2%2Fcomments&post=12"}],"version-history":[{"count":8,"href":"https:\/\/whwydawnictwo.amu.edu.pl\/index.php?rest_route=\/wp\/v2\/pages\/12\/revisions"}],"predecessor-version":[{"id":1070,"href":"https:\/\/whwydawnictwo.amu.edu.pl\/index.php?rest_route=\/wp\/v2\/pages\/12\/revisions\/1070"}],"wp:attachment":[{"href":"https:\/\/whwydawnictwo.amu.edu.pl\/index.php?rest_route=%2Fwp%2Fv2%2Fmedia&parent=12"}],"curies":[{"name":"wp","href":"https:\/\/api.w.org\/{rel}","templated":true}]}}